{"id":1020,"date":"2016-11-04T14:18:10","date_gmt":"2016-11-04T14:18:10","guid":{"rendered":"http:\/\/boutiqueapartmentlermoos.com\/de\/?page_id=1020"},"modified":"2023-11-11T12:47:46","modified_gmt":"2023-11-11T12:47:46","slug":"terms-conditions","status":"publish","type":"page","link":"https:\/\/boutiqueapartmentlermoos.com\/de\/terms-conditions\/","title":{"rendered":"Reservierungsbedingungen"},"content":{"rendered":"<p>Reservierung: Bitte beachten Sie, dass Ihre Reservierung erst nach Einlangen Ihrer schriftlichen R\u00fcckbest\u00e4tigung und Ihrer Anzahlung auf unserem Konto verbindlich wird.<\/p>\n<p>Es gelten die Bestimmungen des \u00f6sterreichischen Hotelreglements 15.11.2006<\/p>\n<p><a href=\"https:\/\/www.wko.at\/branchen\/tourismus-freizeitwirtschaft\/hotellerie\/Allgemeine_Geschaeftsbedingungen_fuer_die_Hotellerie_(AGBH).html\" target=\"_blank\" rel=\"noopener\">Allgemeine Gesch\u00e4ftsbedingungen f\u00fcr die Hotellerie (AGBH)<\/a><\/p>\n<p>Anzahlung: 3 Tagesmieten<\/p>\n<p>Stornobedingungen:<\/p>\n<p>&#8211; bis zu 3 Monaten vor Anreise frei abz\u00fcglich der geleisteten Anzahlung<\/p>\n<p>&#8211; bis 1 Monat vor Anreise 40% des vereinbarten Gesamtpreises<\/p>\n<p>&#8211; bis 1 Woche vor Anreise 70% des vereinbarten Gesamtpreises<\/p>\n<p>&#8211; danach 90 %<\/p>\n<p>Ankunftszeiten:<\/p>\n<p>Von 16h bis 22h. Bei sp\u00e4terer Ankunft kontaktieren Sie uns.<\/p>\n<p>Abreisezeit:<\/p>\n<p>Bis sp\u00e4testens 10h. F\u00fcr eine sp\u00e4tere Abreisezeit kontaktieren Sie uns.<\/p>\n","protected":false},"excerpt":{"rendered":"<p>Reservierung: Bitte beachten Sie, dass Ihre Reservierung erst nach Einlangen Ihrer schriftlichen R\u00fcckbest\u00e4tigung und Ihrer Anzahlung auf unserem Konto verbindlich wird. Es gelten die Bestimmungen des \u00f6sterreichischen Hotelreglements 15.11.2006 Allgemeine Gesch\u00e4ftsbedingungen f\u00fcr die Hotellerie (AGBH) Anzahlung: 3 Tagesmieten Stornobedingungen: &#8211; bis zu 3 Monaten vor Anreise frei abz\u00fcglich der geleisteten Anzahlung &#8211; bis 1 Monat [&hellip;]<\/p>\n","protected":false},"author":1,"featured_media":0,"parent":0,"menu_order":0,"comment_status":"closed","ping_status":"closed","template":"","meta":{"_genesis_hide_title":false,"_genesis_hide_breadcrumbs":false,"_genesis_hide_singular_image":false,"_genesis_hide_footer_widgets":false,"_genesis_custom_body_class":"","_genesis_custom_post_class":"","_genesis_layout":"","ngg_post_thumbnail":0,"footnotes":""},"class_list":{"0":"post-1020","1":"page","2":"type-page","3":"status-publish","5":"entry"},"_links":{"self":[{"href":"https:\/\/boutiqueapartmentlermoos.com\/de\/wp-json\/wp\/v2\/pages\/1020","targetHints":{"allow":["GET"]}}],"collection":[{"href":"https:\/\/boutiqueapartmentlermoos.com\/de\/wp-json\/wp\/v2\/pages"}],"about":[{"href":"https:\/\/boutiqueapartmentlermoos.com\/de\/wp-json\/wp\/v2\/types\/page"}],"author":[{"embeddable":true,"href":"https:\/\/boutiqueapartmentlermoos.com\/de\/wp-json\/wp\/v2\/users\/1"}],"replies":[{"embeddable":true,"href":"https:\/\/boutiqueapartmentlermoos.com\/de\/wp-json\/wp\/v2\/comments?post=1020"}],"version-history":[{"count":9,"href":"https:\/\/boutiqueapartmentlermoos.com\/de\/wp-json\/wp\/v2\/pages\/1020\/revisions"}],"predecessor-version":[{"id":1416,"href":"https:\/\/boutiqueapartmentlermoos.com\/de\/wp-json\/wp\/v2\/pages\/1020\/revisions\/1416"}],"wp:attachment":[{"href":"https:\/\/boutiqueapartmentlermoos.com\/de\/wp-json\/wp\/v2\/media?parent=1020"}],"curies":[{"name":"wp","href":"https:\/\/api.w.org\/{rel}","templated":true}]}}