{"id":749,"date":"2016-01-12T12:01:45","date_gmt":"2016-01-12T12:01:45","guid":{"rendered":"http:\/\/boutiqueapartmentlermoos.com\/wordpress\/?page_id=749"},"modified":"2023-06-26T18:43:42","modified_gmt":"2023-06-26T18:43:42","slug":"alpine-heart","status":"publish","type":"page","link":"https:\/\/boutiqueapartmentlermoos.com\/de\/alpine-heart\/","title":{"rendered":"Das Alpine Herz"},"content":{"rendered":"<p>In dieser klaren und sauberen Umwelt lassen sich K\u00f6rper und Geist leicht erfrischen. Majest\u00e4tische Berge, atemberaubende Ausblicke und die freundlichen Lermooser helfen Ihnen sich zu entspannen und Ihre wohlverdienten Ferien zu genie\u00dfen. Unser traditionelles fast 100 Jahre altes Haus hat Ferienreisende aus aller Welt seit \u00fcber 50 Jahren begr\u00fc\u00dfen d\u00fcrfen.<\/p>\n<p>Wir hei\u00dfen Sie herzlich willkommen bei uns Am SonnenFels!<\/p>\n","protected":false},"excerpt":{"rendered":"<p>In dieser klaren und sauberen Umwelt lassen sich K\u00f6rper und Geist leicht erfrischen. Majest\u00e4tische Berge, atemberaubende Ausblicke und die freundlichen Lermooser helfen Ihnen sich zu entspannen und Ihre wohlverdienten Ferien zu genie\u00dfen. Unser traditionelles fast 100 Jahre altes Haus hat Ferienreisende aus aller Welt seit \u00fcber 50 Jahren begr\u00fc\u00dfen d\u00fcrfen. Wir hei\u00dfen Sie herzlich willkommen [&hellip;]<\/p>\n","protected":false},"author":1,"featured_media":961,"parent":0,"menu_order":0,"comment_status":"closed","ping_status":"closed","template":"","meta":{"_genesis_hide_title":false,"_genesis_hide_breadcrumbs":false,"_genesis_hide_singular_image":false,"_genesis_hide_footer_widgets":false,"_genesis_custom_body_class":"","_genesis_custom_post_class":"","_genesis_layout":"","ngg_post_thumbnail":0,"footnotes":""},"class_list":{"0":"post-749","1":"page","2":"type-page","3":"status-publish","4":"has-post-thumbnail","6":"entry"},"_links":{"self":[{"href":"https:\/\/boutiqueapartmentlermoos.com\/de\/wp-json\/wp\/v2\/pages\/749","targetHints":{"allow":["GET"]}}],"collection":[{"href":"https:\/\/boutiqueapartmentlermoos.com\/de\/wp-json\/wp\/v2\/pages"}],"about":[{"href":"https:\/\/boutiqueapartmentlermoos.com\/de\/wp-json\/wp\/v2\/types\/page"}],"author":[{"embeddable":true,"href":"https:\/\/boutiqueapartmentlermoos.com\/de\/wp-json\/wp\/v2\/users\/1"}],"replies":[{"embeddable":true,"href":"https:\/\/boutiqueapartmentlermoos.com\/de\/wp-json\/wp\/v2\/comments?post=749"}],"version-history":[{"count":7,"href":"https:\/\/boutiqueapartmentlermoos.com\/de\/wp-json\/wp\/v2\/pages\/749\/revisions"}],"predecessor-version":[{"id":1267,"href":"https:\/\/boutiqueapartmentlermoos.com\/de\/wp-json\/wp\/v2\/pages\/749\/revisions\/1267"}],"wp:featuredmedia":[{"embeddable":true,"href":"https:\/\/boutiqueapartmentlermoos.com\/de\/wp-json\/wp\/v2\/media\/961"}],"wp:attachment":[{"href":"https:\/\/boutiqueapartmentlermoos.com\/de\/wp-json\/wp\/v2\/media?parent=749"}],"curies":[{"name":"wp","href":"https:\/\/api.w.org\/{rel}","templated":true}]}}