{"id":761,"date":"2016-01-12T12:15:16","date_gmt":"2016-01-12T12:15:16","guid":{"rendered":"http:\/\/boutiqueapartmentlermoos.com\/wordpress\/?page_id=761"},"modified":"2020-06-07T13:47:24","modified_gmt":"2020-06-07T13:47:24","slug":"our-location","status":"publish","type":"page","link":"https:\/\/boutiqueapartmentlermoos.com\/de\/our-location\/","title":{"rendered":"Unsere Lage"},"content":{"rendered":"<p><strong>Mit dem Auto:<\/strong><\/p>\n<p>Von Norden kommend:<br \/>\nAutobahn Ulm-Kempten-Reutte-Lermoos oder Autobahn M\u00fcnchen-Garmisch-Lermoos<\/p>\n<p><strong>Mit dem Zug:<\/strong><br \/>\nInnsbruck-Garmisch-Lermoos oder M\u00fcnchen-Garmisch-Lermoos<\/p>\n<p><strong>Mit dem Flugzeug:<\/strong><br \/>\nFlughafen M\u00fcnchen \u2013 140 km entfernt (ca. 90 Minuten Fahrt mit dem Auto, Flughafen Innsbruck \u2013 70 km entfernt (ca. 1 Stunde mit dem Auto)<\/p>\n","protected":false},"excerpt":{"rendered":"<p>Mit dem Auto: Von Norden kommend: Autobahn Ulm-Kempten-Reutte-Lermoos oder Autobahn M\u00fcnchen-Garmisch-Lermoos Mit dem Zug: Innsbruck-Garmisch-Lermoos oder M\u00fcnchen-Garmisch-Lermoos Mit dem Flugzeug: Flughafen M\u00fcnchen \u2013 140 km entfernt (ca. 90 Minuten Fahrt mit dem Auto, Flughafen Innsbruck \u2013 70 km entfernt (ca. 1 Stunde mit dem Auto)<\/p>\n","protected":false},"author":1,"featured_media":762,"parent":0,"menu_order":0,"comment_status":"closed","ping_status":"closed","template":"","meta":{"_genesis_hide_title":false,"_genesis_hide_breadcrumbs":false,"_genesis_hide_singular_image":false,"_genesis_hide_footer_widgets":false,"_genesis_custom_body_class":"","_genesis_custom_post_class":"","_genesis_layout":"","ngg_post_thumbnail":0,"footnotes":""},"class_list":{"0":"post-761","1":"page","2":"type-page","3":"status-publish","4":"has-post-thumbnail","6":"entry"},"_links":{"self":[{"href":"https:\/\/boutiqueapartmentlermoos.com\/de\/wp-json\/wp\/v2\/pages\/761","targetHints":{"allow":["GET"]}}],"collection":[{"href":"https:\/\/boutiqueapartmentlermoos.com\/de\/wp-json\/wp\/v2\/pages"}],"about":[{"href":"https:\/\/boutiqueapartmentlermoos.com\/de\/wp-json\/wp\/v2\/types\/page"}],"author":[{"embeddable":true,"href":"https:\/\/boutiqueapartmentlermoos.com\/de\/wp-json\/wp\/v2\/users\/1"}],"replies":[{"embeddable":true,"href":"https:\/\/boutiqueapartmentlermoos.com\/de\/wp-json\/wp\/v2\/comments?post=761"}],"version-history":[{"count":8,"href":"https:\/\/boutiqueapartmentlermoos.com\/de\/wp-json\/wp\/v2\/pages\/761\/revisions"}],"predecessor-version":[{"id":1231,"href":"https:\/\/boutiqueapartmentlermoos.com\/de\/wp-json\/wp\/v2\/pages\/761\/revisions\/1231"}],"wp:featuredmedia":[{"embeddable":true,"href":"https:\/\/boutiqueapartmentlermoos.com\/de\/wp-json\/wp\/v2\/media\/762"}],"wp:attachment":[{"href":"https:\/\/boutiqueapartmentlermoos.com\/de\/wp-json\/wp\/v2\/media?parent=761"}],"curies":[{"name":"wp","href":"https:\/\/api.w.org\/{rel}","templated":true}]}}