{"id":769,"date":"2016-01-12T12:29:04","date_gmt":"2016-01-12T12:29:04","guid":{"rendered":"http:\/\/boutiqueapartmentlermoos.com\/wordpress\/?page_id=769"},"modified":"2023-11-12T14:14:28","modified_gmt":"2023-11-12T14:14:28","slug":"flieder","status":"publish","type":"page","link":"https:\/\/boutiqueapartmentlermoos.com\/de\/flieder\/","title":{"rendered":"Flieder &#8211; Deutsch"},"content":{"rendered":"<h1>Flieder<\/h1>\n<h1>85m2, f\u00fcr bis zu 6 Personen<\/h1>\n<p>Die Wohnung ist mit einer K\u00fcche mit Abzugshaube, Herdplatten, Backofen, Mikrowelle, Geschirrsp\u00fcler, Filterkaffeemaschine, Wasserkocher, Toaster und K\u00fcchenutensilien ausgestattet. Im Wohnbereich befindet sich ein grosser K\u00fcchentisch. Zum gem\u00fctlichen Ausrasten und Beisammensein gibt es einen Fernseher mit Satellitenanschluss sowie eine komfortable Sofa-Couch mit gem\u00fctlichen St\u00fchlen. Zwei komfortable Schlafzimmer und ein voll ausgestattetes Badezimmer mit Badewanne und Dusche l\u00e4sst Sie angenehm entspannen.<\/p>\n<p>Flieder bietet einen sch\u00f6nen grossen Balkon mit Sitzgelegenheiten und Tisch damit Sie die frische Alpenluft mit klaren blauem Himmel und wundersch\u00f6ner Bergaussicht sowohl im Sommer als auch im Winter geniessen k\u00f6nnen.<\/p>\n<p>Der Ausblick auf die Berge \u00fcber das \u201cMoos\u201d ist unbezahlbar. Ein 90 Jahre alter Fliederbaum, der zur Zeit der Fertigstellung dieses traditionsreichen Hauses gepflanzt wurde, gab diesem Appartment seinen Namen.<\/p>\n<h3>\n\t\tGef\u00e4llt uns auf TripAdvisor<br \/>\n\t<\/h3>\n<h3>Bereit zu buchen?<\/h3>\n<p>\t<a href=\"http:\/\/web4.deskline.net\/feratelcom\/en\/accommodation\/detail\/ZGS\/48a910eb-4576-4e46-90ef-ec1d310ad81d\/am_sonnenfels?lkRG=TO&#038;lkID=4859c4af-d41a-4c2e-ab59-032b57567dc8\" target=\"_self\" role=\"button\" rel=\"noopener\"><br \/>\n\t\t\t\tBuche Jetzt<br \/>\n\t\t\t<\/a><\/p>\n","protected":false},"excerpt":{"rendered":"<p>Flieder 85m2, f\u00fcr bis zu 6 Personen Die Wohnung ist mit einer K\u00fcche mit Abzugshaube, Herdplatten, Backofen, Mikrowelle, Geschirrsp\u00fcler, Filterkaffeemaschine, Wasserkocher, Toaster und K\u00fcchenutensilien ausgestattet. Im Wohnbereich befindet sich ein grosser K\u00fcchentisch. Zum gem\u00fctlichen Ausrasten und Beisammensein gibt es einen Fernseher mit Satellitenanschluss sowie eine komfortable Sofa-Couch mit gem\u00fctlichen St\u00fchlen. Zwei komfortable Schlafzimmer und ein [&hellip;]<\/p>\n","protected":false},"author":1,"featured_media":0,"parent":0,"menu_order":0,"comment_status":"closed","ping_status":"closed","template":"page_beaver.php","meta":{"_genesis_hide_title":false,"_genesis_hide_breadcrumbs":false,"_genesis_hide_singular_image":false,"_genesis_hide_footer_widgets":false,"_genesis_custom_body_class":"","_genesis_custom_post_class":"","_genesis_layout":"","ngg_post_thumbnail":0,"footnotes":""},"class_list":{"0":"post-769","1":"page","2":"type-page","3":"status-publish","5":"entry"},"_links":{"self":[{"href":"https:\/\/boutiqueapartmentlermoos.com\/de\/wp-json\/wp\/v2\/pages\/769","targetHints":{"allow":["GET"]}}],"collection":[{"href":"https:\/\/boutiqueapartmentlermoos.com\/de\/wp-json\/wp\/v2\/pages"}],"about":[{"href":"https:\/\/boutiqueapartmentlermoos.com\/de\/wp-json\/wp\/v2\/types\/page"}],"author":[{"embeddable":true,"href":"https:\/\/boutiqueapartmentlermoos.com\/de\/wp-json\/wp\/v2\/users\/1"}],"replies":[{"embeddable":true,"href":"https:\/\/boutiqueapartmentlermoos.com\/de\/wp-json\/wp\/v2\/comments?post=769"}],"version-history":[{"count":27,"href":"https:\/\/boutiqueapartmentlermoos.com\/de\/wp-json\/wp\/v2\/pages\/769\/revisions"}],"predecessor-version":[{"id":1438,"href":"https:\/\/boutiqueapartmentlermoos.com\/de\/wp-json\/wp\/v2\/pages\/769\/revisions\/1438"}],"wp:attachment":[{"href":"https:\/\/boutiqueapartmentlermoos.com\/de\/wp-json\/wp\/v2\/media?parent=769"}],"curies":[{"name":"wp","href":"https:\/\/api.w.org\/{rel}","templated":true}]}}