{"id":787,"date":"2016-01-15T10:07:47","date_gmt":"2016-01-15T10:07:47","guid":{"rendered":"http:\/\/boutiqueapartmentlermoos.com\/wordpress\/?page_id=787"},"modified":"2023-11-12T14:16:47","modified_gmt":"2023-11-12T14:16:47","slug":"birke","status":"publish","type":"page","link":"https:\/\/boutiqueapartmentlermoos.com\/de\/birke\/","title":{"rendered":"Birke &#8211; Deutsch"},"content":{"rendered":"<h1>Birke<\/h1>\n<h1>22m2, f\u00fcr bis zu 2 Personen<\/h1>\n<p>Die K\u00fcche ist mit Herdplatte, Mikrowelle, Filterkaffeemaschine, Wasserkocher, Toaster und K\u00fcchenutensilien ausgestattet. Diese Ferienwohnung ist ein Studioappartment mit offenem, jedoch separatem, abgetrenntem Schlafbereich. Der Wohnbereich und Essbereich ist boutiqueartig gestaltet und das Badezimmer ist mit einer Dusche ausgestattet. Satelliten-TV ist selbstverst\u00e4ndlich vorhanden.<\/p>\n<p>Die angeschlossene Terrasse mit Sitzgelegenheiten ist dem Garten unseres Hauses angegliedert, damit Sie die frische Alpenluft mit klaren blauem Himmel und wundersch\u00f6ner Bergaussicht geniessen k\u00f6nnen.<\/p>\n<p>Diese Ferienwohnung kann bei Verf\u00fcgbarkeit mit Ferienwohnung Ahorn zu einer gr\u00f6\u00dferen Wohnung verbunden und gemeinsam gebucht werden.<\/p>\n<h3>\n\t\tGef\u00e4llt uns auf TripAdvisor<br \/>\n\t<\/h3>\n<h3>Bereit zu buchen?<\/h3>\n<p>\t<a href=\"http:\/\/web4.deskline.net\/feratelcom\/en\/accommodation\/detail\/ZGS\/48a910eb-4576-4e46-90ef-ec1d310ad81d\/am_sonnenfels?lkRG=TO&#038;lkID=4859c4af-d41a-4c2e-ab59-032b57567dc8\" target=\"_self\" role=\"button\" rel=\"noopener\"><br \/>\n\t\t\t\tBuche Jetzt<br \/>\n\t\t\t<\/a><\/p>\n","protected":false},"excerpt":{"rendered":"<p>Birke 22m2, f\u00fcr bis zu 2 Personen Die K\u00fcche ist mit Herdplatte, Mikrowelle, Filterkaffeemaschine, Wasserkocher, Toaster und K\u00fcchenutensilien ausgestattet. Diese Ferienwohnung ist ein Studioappartment mit offenem, jedoch separatem, abgetrenntem Schlafbereich. Der Wohnbereich und Essbereich ist boutiqueartig gestaltet und das Badezimmer ist mit einer Dusche ausgestattet. Satelliten-TV ist selbstverst\u00e4ndlich vorhanden. Die angeschlossene Terrasse mit Sitzgelegenheiten ist [&hellip;]<\/p>\n","protected":false},"author":1,"featured_media":0,"parent":0,"menu_order":0,"comment_status":"closed","ping_status":"closed","template":"page_beaver.php","meta":{"_genesis_hide_title":false,"_genesis_hide_breadcrumbs":false,"_genesis_hide_singular_image":false,"_genesis_hide_footer_widgets":false,"_genesis_custom_body_class":"","_genesis_custom_post_class":"","_genesis_layout":"","ngg_post_thumbnail":0,"footnotes":""},"class_list":{"0":"post-787","1":"page","2":"type-page","3":"status-publish","5":"entry"},"_links":{"self":[{"href":"https:\/\/boutiqueapartmentlermoos.com\/de\/wp-json\/wp\/v2\/pages\/787","targetHints":{"allow":["GET"]}}],"collection":[{"href":"https:\/\/boutiqueapartmentlermoos.com\/de\/wp-json\/wp\/v2\/pages"}],"about":[{"href":"https:\/\/boutiqueapartmentlermoos.com\/de\/wp-json\/wp\/v2\/types\/page"}],"author":[{"embeddable":true,"href":"https:\/\/boutiqueapartmentlermoos.com\/de\/wp-json\/wp\/v2\/users\/1"}],"replies":[{"embeddable":true,"href":"https:\/\/boutiqueapartmentlermoos.com\/de\/wp-json\/wp\/v2\/comments?post=787"}],"version-history":[{"count":16,"href":"https:\/\/boutiqueapartmentlermoos.com\/de\/wp-json\/wp\/v2\/pages\/787\/revisions"}],"predecessor-version":[{"id":1440,"href":"https:\/\/boutiqueapartmentlermoos.com\/de\/wp-json\/wp\/v2\/pages\/787\/revisions\/1440"}],"wp:attachment":[{"href":"https:\/\/boutiqueapartmentlermoos.com\/de\/wp-json\/wp\/v2\/media?parent=787"}],"curies":[{"name":"wp","href":"https:\/\/api.w.org\/{rel}","templated":true}]}}