{"id":789,"date":"2016-01-15T10:09:48","date_gmt":"2016-01-15T10:09:48","guid":{"rendered":"http:\/\/boutiqueapartmentlermoos.com\/wordpress\/?page_id=789"},"modified":"2023-11-12T14:15:47","modified_gmt":"2023-11-12T14:15:47","slug":"linde","status":"publish","type":"page","link":"https:\/\/boutiqueapartmentlermoos.com\/de\/linde\/","title":{"rendered":"Linde &#8211; Deutsch"},"content":{"rendered":"<h1>Linde<\/h1>\n<h1>28m2, f\u00fcr bis zu 4 Personen<\/h1>\n<p>Die K\u00fcche ist mit Ceranfeld, Mikrowelle, Filterkaffeemaschine, Wasserkocher, Toaster und K\u00fcchenutensilien ausgestattet. Im Wohnbereich l\u00e4sst sich eine komfortable Couch in ein zus\u00e4tzliches Sofabett f\u00fcr zwei Personen umwandeln, neben einem Schlafzimmer f\u00fcr zwei Personen. Satelliten TV ist selbstverst\u00e4ndlich vorhanden. Das Badezimmer ist mit einer Dusche ausgestattet.<\/p>\n<p>Linde bietet eine sch\u00f6ne sehr grosse Terrasse mit Sitzgelegenheiten und Tisch, damit Sie die frische Alpenluft mit klaren blauem Himmel und wundersch\u00f6ner Bergaussicht sowohl im Sommer als auch im Winter geniessen k\u00f6nnen.<\/p>\n<p>Die sehr grosse Terrasse dieses Appartments hat einen wundersch\u00f6nen Ausblick auf die Wiesen und Schipisten des Grubigsteins und bietet Ihnen Sitzm\u00f6glichkeiten mit Tisch.<\/p>\n<p>Linde ist benannt nach dem alten Lindenbaum vor der Terrasse.<\/p>\n<h3>\n\t\tGef\u00e4llt uns auf TripAdvisor<br \/>\n\t<\/h3>\n<h3>Bereit zu buchen?<\/h3>\n<p>\t<a href=\"http:\/\/web4.deskline.net\/feratelcom\/en\/accommodation\/detail\/ZGS\/48a910eb-4576-4e46-90ef-ec1d310ad81d\/am_sonnenfels?lkRG=TO&#038;lkID=4859c4af-d41a-4c2e-ab59-032b57567dc8\" target=\"_self\" role=\"button\" rel=\"noopener\"><br \/>\n\t\t\t\tBuche Jetzt<br \/>\n\t\t\t<\/a><\/p>\n","protected":false},"excerpt":{"rendered":"<p>Linde 28m2, f\u00fcr bis zu 4 Personen Die K\u00fcche ist mit Ceranfeld, Mikrowelle, Filterkaffeemaschine, Wasserkocher, Toaster und K\u00fcchenutensilien ausgestattet. Im Wohnbereich l\u00e4sst sich eine komfortable Couch in ein zus\u00e4tzliches Sofabett f\u00fcr zwei Personen umwandeln, neben einem Schlafzimmer f\u00fcr zwei Personen. Satelliten TV ist selbstverst\u00e4ndlich vorhanden. Das Badezimmer ist mit einer Dusche ausgestattet. Linde bietet eine [&hellip;]<\/p>\n","protected":false},"author":1,"featured_media":0,"parent":0,"menu_order":0,"comment_status":"closed","ping_status":"closed","template":"page_beaver.php","meta":{"_genesis_hide_title":false,"_genesis_hide_breadcrumbs":false,"_genesis_hide_singular_image":false,"_genesis_hide_footer_widgets":false,"_genesis_custom_body_class":"","_genesis_custom_post_class":"","_genesis_layout":"","ngg_post_thumbnail":0,"footnotes":""},"class_list":{"0":"post-789","1":"page","2":"type-page","3":"status-publish","5":"entry"},"_links":{"self":[{"href":"https:\/\/boutiqueapartmentlermoos.com\/de\/wp-json\/wp\/v2\/pages\/789","targetHints":{"allow":["GET"]}}],"collection":[{"href":"https:\/\/boutiqueapartmentlermoos.com\/de\/wp-json\/wp\/v2\/pages"}],"about":[{"href":"https:\/\/boutiqueapartmentlermoos.com\/de\/wp-json\/wp\/v2\/types\/page"}],"author":[{"embeddable":true,"href":"https:\/\/boutiqueapartmentlermoos.com\/de\/wp-json\/wp\/v2\/users\/1"}],"replies":[{"embeddable":true,"href":"https:\/\/boutiqueapartmentlermoos.com\/de\/wp-json\/wp\/v2\/comments?post=789"}],"version-history":[{"count":16,"href":"https:\/\/boutiqueapartmentlermoos.com\/de\/wp-json\/wp\/v2\/pages\/789\/revisions"}],"predecessor-version":[{"id":1439,"href":"https:\/\/boutiqueapartmentlermoos.com\/de\/wp-json\/wp\/v2\/pages\/789\/revisions\/1439"}],"wp:attachment":[{"href":"https:\/\/boutiqueapartmentlermoos.com\/de\/wp-json\/wp\/v2\/media?parent=789"}],"curies":[{"name":"wp","href":"https:\/\/api.w.org\/{rel}","templated":true}]}}