{"id":967,"date":"2016-02-18T10:13:44","date_gmt":"2016-02-18T10:13:44","guid":{"rendered":"http:\/\/boutiqueapartmentlermoos.com\/wordpress\/?page_id=967"},"modified":"2023-11-12T11:46:44","modified_gmt":"2023-11-12T11:46:44","slug":"pets-welcome","status":"publish","type":"page","link":"https:\/\/boutiqueapartmentlermoos.com\/de\/pets-welcome\/","title":{"rendered":"Haustiere Willkommen"},"content":{"rendered":"<h1 style=\"text-align: center;\">Haustierfreundliche Unterkunft<\/h1>\n<p>Wir verstehen dass Ihre geliebten Haustiere genauso Ferien ben\u00f6tigen so wie Sie selbst. Und aus eigener Erfahrung wissen wir auch wie schwierig es sein kann eine passende Feriendestination zu finden die unsere vierbeinigen Familienmitglieder auch willkommen hei\u00dft.<\/p>\n<p>Am SonnenFels (von einer Tier\u00e4rztin mitgegr\u00fcndet) sind Ihre Haustiere herzlich willkommen.<\/p>\n<p>Wir bitten Sie eine Kaution zu hinterlegen, die Sie am Ende des Aufenthalts zur\u00fcckbekommen wenn Sie unser Haus und Ihre Ferienwohnung so zur\u00fccklassen wie Sie sie vorgefunden haben.<\/p>\n<p>Die Ferienwohnung Flieder ist f\u00fcr Katzen geeignet. Die Apartments Ahorn, Birke &amp; Linde eignen sich durch die angrenzenden Terrassen besonders f\u00fcr Hunde und ihre Familien.<\/p>\n<p>Selbstverst\u00e4ndlich k\u00f6nnen wir Ihnen eine befreundete Tierarztpraxis in der N\u00e4he empfehlen, die auch einen Hausbesuch macht, sollte je ein Notfall eintreten.<\/p>\n<h3>\n\t\tGef\u00e4llt uns auf TripAdvisor<br \/>\n\t<\/h3>\n","protected":false},"excerpt":{"rendered":"<p>Haustierfreundliche Unterkunft Wir verstehen dass Ihre geliebten Haustiere genauso Ferien ben\u00f6tigen so wie Sie selbst. Und aus eigener Erfahrung wissen wir auch wie schwierig es sein kann eine passende Feriendestination zu finden die unsere vierbeinigen Familienmitglieder auch willkommen hei\u00dft. Am SonnenFels (von einer Tier\u00e4rztin mitgegr\u00fcndet) sind Ihre Haustiere herzlich willkommen. Wir bitten Sie eine Kaution [&hellip;]<\/p>\n","protected":false},"author":1,"featured_media":0,"parent":0,"menu_order":0,"comment_status":"closed","ping_status":"closed","template":"page_beaver.php","meta":{"_genesis_hide_title":false,"_genesis_hide_breadcrumbs":false,"_genesis_hide_singular_image":false,"_genesis_hide_footer_widgets":false,"_genesis_custom_body_class":"","_genesis_custom_post_class":"","_genesis_layout":"","ngg_post_thumbnail":0,"footnotes":""},"class_list":{"0":"post-967","1":"page","2":"type-page","3":"status-publish","5":"entry"},"_links":{"self":[{"href":"https:\/\/boutiqueapartmentlermoos.com\/de\/wp-json\/wp\/v2\/pages\/967","targetHints":{"allow":["GET"]}}],"collection":[{"href":"https:\/\/boutiqueapartmentlermoos.com\/de\/wp-json\/wp\/v2\/pages"}],"about":[{"href":"https:\/\/boutiqueapartmentlermoos.com\/de\/wp-json\/wp\/v2\/types\/page"}],"author":[{"embeddable":true,"href":"https:\/\/boutiqueapartmentlermoos.com\/de\/wp-json\/wp\/v2\/users\/1"}],"replies":[{"embeddable":true,"href":"https:\/\/boutiqueapartmentlermoos.com\/de\/wp-json\/wp\/v2\/comments?post=967"}],"version-history":[{"count":9,"href":"https:\/\/boutiqueapartmentlermoos.com\/de\/wp-json\/wp\/v2\/pages\/967\/revisions"}],"predecessor-version":[{"id":1427,"href":"https:\/\/boutiqueapartmentlermoos.com\/de\/wp-json\/wp\/v2\/pages\/967\/revisions\/1427"}],"wp:attachment":[{"href":"https:\/\/boutiqueapartmentlermoos.com\/de\/wp-json\/wp\/v2\/media?parent=967"}],"curies":[{"name":"wp","href":"https:\/\/api.w.org\/{rel}","templated":true}]}}